{"id":10090,"date":"2023-10-09T14:55:40","date_gmt":"2023-10-09T14:55:40","guid":{"rendered":"https:\/\/www.zagreb-montaza.hr\/schweissschule\/"},"modified":"2025-05-14T09:12:07","modified_gmt":"2025-05-14T09:12:07","slug":"schweissschule","status":"publish","type":"page","link":"https:\/\/www.zagreb-montaza.hr\/de\/schweissschule\/","title":{"rendered":"Schwei\u00dfschule"},"content":{"rendered":"\t\t<div data-elementor-type=\"wp-page\" data-elementor-id=\"10090\" class=\"elementor elementor-10090 elementor-58\" data-elementor-post-type=\"page\">\n\t\t\t\t\t\t\t\t\t<section class=\"elementor-section elementor-top-section elementor-element elementor-element-4a163e9 elementor-section-full_width elementor-section-height-default elementor-section-height-default\" data-id=\"4a163e9\" data-element_type=\"section\" data-settings=\"{&quot;background_background&quot;:&quot;classic&quot;}\">\n\t\t\t\t\t\t<div class=\"elementor-container elementor-column-gap-default\">\n\t\t\t\t\t<div class=\"elementor-column elementor-col-100 elementor-top-column elementor-element elementor-element-5b0e103\" data-id=\"5b0e103\" data-element_type=\"column\">\n\t\t\t<div class=\"elementor-widget-wrap elementor-element-populated\">\n\t\t\t\t\t\t\t\t<section class=\"elementor-section elementor-inner-section elementor-element elementor-element-77361ac elementor-section-boxed elementor-section-height-default elementor-section-height-default\" data-id=\"77361ac\" data-element_type=\"section\" data-settings=\"{&quot;background_background&quot;:&quot;classic&quot;,&quot;background_motion_fx_motion_fx_scrolling&quot;:&quot;yes&quot;,&quot;background_motion_fx_translateY_effect&quot;:&quot;yes&quot;,&quot;background_motion_fx_translateY_speed&quot;:{&quot;unit&quot;:&quot;px&quot;,&quot;size&quot;:6.5,&quot;sizes&quot;:[]},&quot;background_motion_fx_translateY_affectedRange&quot;:{&quot;unit&quot;:&quot;%&quot;,&quot;size&quot;:&quot;&quot;,&quot;sizes&quot;:{&quot;start&quot;:0,&quot;end&quot;:100}},&quot;background_motion_fx_devices&quot;:[&quot;desktop&quot;,&quot;laptop&quot;,&quot;tablet&quot;,&quot;mobile&quot;]}\">\n\t\t\t\t\t\t\t<div class=\"elementor-background-overlay\"><\/div>\n\t\t\t\t\t\t\t<div class=\"elementor-container elementor-column-gap-default\">\n\t\t\t\t\t<div class=\"elementor-column elementor-col-50 elementor-inner-column elementor-element elementor-element-f1bc77b\" data-id=\"f1bc77b\" data-element_type=\"column\">\n\t\t\t<div class=\"elementor-widget-wrap elementor-element-populated\">\n\t\t\t\t\t\t\t\t<div class=\"elementor-element elementor-element-e4b8b4c elementor-invisible elementor-widget elementor-widget-heading\" data-id=\"e4b8b4c\" data-element_type=\"widget\" data-settings=\"{&quot;_animation&quot;:&quot;fadeInUp&quot;}\" data-widget_type=\"heading.default\">\n\t\t\t\t<div class=\"elementor-widget-container\">\n\t\t\t<style>\/*! elementor - v3.16.0 - 09-10-2023 *\/\n.elementor-heading-title{padding:0;margin:0;line-height:1}.elementor-widget-heading .elementor-heading-title[class*=elementor-size-]>a{color:inherit;font-size:inherit;line-height:inherit}.elementor-widget-heading .elementor-heading-title.elementor-size-small{font-size:15px}.elementor-widget-heading .elementor-heading-title.elementor-size-medium{font-size:19px}.elementor-widget-heading .elementor-heading-title.elementor-size-large{font-size:29px}.elementor-widget-heading .elementor-heading-title.elementor-size-xl{font-size:39px}.elementor-widget-heading .elementor-heading-title.elementor-size-xxl{font-size:59px}<\/style><h1 class=\"elementor-heading-title elementor-size-default\">Schwei\u00dfschule<\/h1>\t\t<\/div>\n\t\t\t\t<\/div>\n\t\t\t\t<div class=\"elementor-element elementor-element-fabe5fd elementor-invisible elementor-widget elementor-widget-heading\" data-id=\"fabe5fd\" data-element_type=\"widget\" data-settings=\"{&quot;_animation&quot;:&quot;fadeInUp&quot;,&quot;_animation_delay&quot;:200}\" data-widget_type=\"heading.default\">\n\t\t\t\t<div class=\"elementor-widget-container\">\n\t\t\t<div class=\"elementor-heading-title elementor-size-default\">J\u00e4hrlich schlie\u00dfen etwa 440 Teilnehmer erfolgreich die Schulung ab und erhalten ein Zertifikat<\/div>\t\t<\/div>\n\t\t\t\t<\/div>\n\t\t\t\t\t<\/div>\n\t\t<\/div>\n\t\t\t\t<div class=\"elementor-column elementor-col-50 elementor-inner-column elementor-element elementor-element-41a92ab\" data-id=\"41a92ab\" data-element_type=\"column\">\n\t\t\t<div class=\"elementor-widget-wrap\">\n\t\t\t\t\t\t\t\t\t<\/div>\n\t\t<\/div>\n\t\t\t\t\t\t\t<\/div>\n\t\t<\/section>\n\t\t\t\t\t<\/div>\n\t\t<\/div>\n\t\t\t\t\t\t\t<\/div>\n\t\t<\/section>\n\t\t\t\t<section class=\"elementor-section elementor-top-section elementor-element elementor-element-8ba7877 elementor-section-boxed elementor-section-height-default elementor-section-height-default\" data-id=\"8ba7877\" data-element_type=\"section\">\n\t\t\t\t\t\t<div class=\"elementor-container elementor-column-gap-default\">\n\t\t\t\t\t<div class=\"elementor-column elementor-col-50 elementor-top-column elementor-element elementor-element-26544b6\" data-id=\"26544b6\" data-element_type=\"column\">\n\t\t\t<div class=\"elementor-widget-wrap elementor-element-populated\">\n\t\t\t\t\t\t\t\t<div class=\"elementor-element elementor-element-af40423 elementor-widget elementor-widget-image\" data-id=\"af40423\" data-element_type=\"widget\" data-widget_type=\"image.default\">\n\t\t\t\t<div class=\"elementor-widget-container\">\n\t\t\t<style>\/*! elementor - v3.16.0 - 09-10-2023 *\/\n.elementor-widget-image{text-align:center}.elementor-widget-image a{display:inline-block}.elementor-widget-image a img[src$=\".svg\"]{width:48px}.elementor-widget-image img{vertical-align:middle;display:inline-block}<\/style>\t\t\t\t\t\t\t\t\t\t\t\t<img loading=\"lazy\" decoding=\"async\" width=\"1500\" height=\"943\" src=\"https:\/\/www.zagreb-montaza.hr\/wp-content\/uploads\/2024\/01\/skola-zavarivanja2-1.jpg\" class=\"attachment-full size-full wp-image-8101\" alt=\"\" srcset=\"https:\/\/www.zagreb-montaza.hr\/wp-content\/uploads\/2024\/01\/skola-zavarivanja2-1.jpg 1500w, https:\/\/www.zagreb-montaza.hr\/wp-content\/uploads\/2024\/01\/skola-zavarivanja2-1-300x189.jpg 300w, https:\/\/www.zagreb-montaza.hr\/wp-content\/uploads\/2024\/01\/skola-zavarivanja2-1-1024x644.jpg 1024w, https:\/\/www.zagreb-montaza.hr\/wp-content\/uploads\/2024\/01\/skola-zavarivanja2-1-768x483.jpg 768w\" sizes=\"auto, (max-width: 1500px) 100vw, 1500px\" \/>\t\t\t\t\t\t\t\t\t\t\t\t\t\t\t<\/div>\n\t\t\t\t<\/div>\n\t\t\t\t\t<\/div>\n\t\t<\/div>\n\t\t\t\t<div class=\"elementor-column elementor-col-50 elementor-top-column elementor-element elementor-element-66deb10\" data-id=\"66deb10\" data-element_type=\"column\">\n\t\t\t<div class=\"elementor-widget-wrap elementor-element-populated\">\n\t\t\t\t\t\t\t\t<div class=\"elementor-element elementor-element-5c60312 elementor-invisible elementor-widget elementor-widget-heading\" data-id=\"5c60312\" data-element_type=\"widget\" data-settings=\"{&quot;_animation&quot;:&quot;fadeInUp&quot;,&quot;_animation_delay&quot;:200}\" data-widget_type=\"heading.default\">\n\t\t\t\t<div class=\"elementor-widget-container\">\n\t\t\t<h2 class=\"elementor-heading-title elementor-size-default\">Ausbildungsprogramm<\/h2>\t\t<\/div>\n\t\t\t\t<\/div>\n\t\t\t\t<div class=\"elementor-element elementor-element-203a6e3 elementor-widget elementor-widget-text-editor\" data-id=\"203a6e3\" data-element_type=\"widget\" data-widget_type=\"text-editor.default\">\n\t\t\t\t<div class=\"elementor-widget-container\">\n\t\t\t<style>\/*! elementor - v3.16.0 - 09-10-2023 *\/\n.elementor-widget-text-editor.elementor-drop-cap-view-stacked .elementor-drop-cap{background-color:#69727d;color:#fff}.elementor-widget-text-editor.elementor-drop-cap-view-framed .elementor-drop-cap{color:#69727d;border:3px solid;background-color:transparent}.elementor-widget-text-editor:not(.elementor-drop-cap-view-default) .elementor-drop-cap{margin-top:8px}.elementor-widget-text-editor:not(.elementor-drop-cap-view-default) .elementor-drop-cap-letter{width:1em;height:1em}.elementor-widget-text-editor .elementor-drop-cap{float:left;text-align:center;line-height:1;font-size:50px}.elementor-widget-text-editor .elementor-drop-cap-letter{display:inline-block}<\/style>\t\t\t\t<p>Die Schwei\u00dfschule ist ein Projekt zugunsten unserer eigenen Bed\u00fcrfnisse, an dem wir seit \u00fcber 30 Jahren arbeiten und welches wir kontinuierlich weiterentwickeln, was unsere Ernsthaftigkeit und Hingabe f\u00fcr die Lehre und Weiterentwicklung von Schwei\u00dftechnologien beweist.<\/p>\n\t\t\t\t\t\t<\/div>\n\t\t\t\t<\/div>\n\t\t\t\t\t<\/div>\n\t\t<\/div>\n\t\t\t\t\t\t\t<\/div>\n\t\t<\/section>\n\t\t\t\t<section class=\"elementor-section elementor-top-section elementor-element elementor-element-f8b9275 elementor-section-boxed elementor-section-height-default elementor-section-height-default\" data-id=\"f8b9275\" data-element_type=\"section\">\n\t\t\t\t\t\t<div class=\"elementor-container elementor-column-gap-default\">\n\t\t\t\t\t<div class=\"elementor-column elementor-col-50 elementor-top-column elementor-element elementor-element-5a3ec7b\" data-id=\"5a3ec7b\" data-element_type=\"column\">\n\t\t\t<div class=\"elementor-widget-wrap elementor-element-populated\">\n\t\t\t\t\t\t\t\t<div class=\"elementor-element elementor-element-d848860 elementor-widget elementor-widget-text-editor\" data-id=\"d848860\" data-element_type=\"widget\" data-widget_type=\"text-editor.default\">\n\t\t\t\t<div class=\"elementor-widget-container\">\n\t\t\t\t\t\t\t<p>In der Schwei\u00dfschule passen wir uns den Bed\u00fcrfnissen von Anf\u00e4ngern an, die die Grundlagen des Schwei\u00dfens erlernen<br \/>m\u00f6chten, sowie von Profis, die ihre F\u00e4higkeiten optimieren m\u00f6chten. Das Ausbildungsprogramm konzentriert sich auf die Vermittlung von Schwei\u00dffertigkeiten und bietet<br \/>theoretisches Wissen und praktische Schulungen f\u00fcr Personen, die Schwei\u00dfer werden oder ihr Wissen \u00fcber das Schwei\u00dfen von Metallen verbessern m\u00f6chten<\/p>\t\t\t\t\t\t<\/div>\n\t\t\t\t<\/div>\n\t\t\t\t<div class=\"elementor-element elementor-element-b72c410 elementor-widget elementor-widget-text-editor\" data-id=\"b72c410\" data-element_type=\"widget\" data-widget_type=\"text-editor.default\">\n\t\t\t\t<div class=\"elementor-widget-container\">\n\t\t\t\t\t\t\t<p>Die Prozesse, die wir vermitteln, sind: manuelles Lichtbogenhandschwei\u00dfen (E-Hand), MIG- Schwei\u00dfen, MAG-Schwei\u00dfen, WIG-Schwei\u00dfen, WIG-Schwei\u00dfen und Unterpulverschwei\u00dfen (UP- Schwei\u00dfen), was unseren Teilnehmern erm\u00f6glicht, ein breites Spektrum an Schwei\u00dffertigkeiten zu erwerben.<\/p>\t\t\t\t\t\t<\/div>\n\t\t\t\t<\/div>\n\t\t\t\t\t<\/div>\n\t\t<\/div>\n\t\t\t\t<div class=\"elementor-column elementor-col-50 elementor-top-column elementor-element elementor-element-d47d021\" data-id=\"d47d021\" data-element_type=\"column\">\n\t\t\t<div class=\"elementor-widget-wrap elementor-element-populated\">\n\t\t\t\t\t\t\t\t<div class=\"elementor-element elementor-element-2d78a87 elementor-widget elementor-widget-image\" data-id=\"2d78a87\" data-element_type=\"widget\" data-widget_type=\"image.default\">\n\t\t\t\t<div class=\"elementor-widget-container\">\n\t\t\t\t\t\t\t\t\t\t\t\t\t\t\t<img loading=\"lazy\" decoding=\"async\" width=\"938\" height=\"625\" src=\"https:\/\/www.zagreb-montaza.hr\/wp-content\/uploads\/2024\/04\/zm-zavarivanje.jpg\" class=\"attachment-full size-full wp-image-9367\" alt=\"\" srcset=\"https:\/\/www.zagreb-montaza.hr\/wp-content\/uploads\/2024\/04\/zm-zavarivanje.jpg 938w, https:\/\/www.zagreb-montaza.hr\/wp-content\/uploads\/2024\/04\/zm-zavarivanje-300x200.jpg 300w, https:\/\/www.zagreb-montaza.hr\/wp-content\/uploads\/2024\/04\/zm-zavarivanje-768x512.jpg 768w\" sizes=\"auto, (max-width: 938px) 100vw, 938px\" \/>\t\t\t\t\t\t\t\t\t\t\t\t\t\t\t<\/div>\n\t\t\t\t<\/div>\n\t\t\t\t\t<\/div>\n\t\t<\/div>\n\t\t\t\t\t\t\t<\/div>\n\t\t<\/section>\n\t\t\t\t\t\t\t<\/div>\n\t\t","protected":false},"excerpt":{"rendered":"<p>Schwei\u00dfschule J\u00e4hrlich schlie\u00dfen etwa 440 Teilnehmer erfolgreich die Schulung ab und erhalten ein Zertifikat Ausbildungsprogramm Die Schwei\u00dfschule ist ein Projekt zugunsten unserer eigenen Bed\u00fcrfnisse, an dem wir seit \u00fcber 30 Jahren arbeiten und welches wir kontinuierlich weiterentwickeln, was unsere Ernsthaftigkeit und Hingabe f\u00fcr die Lehre und Weiterentwicklung von Schwei\u00dftechnologien beweist. In der Schwei\u00dfschule passen wir [&hellip;]<\/p>\n","protected":false},"author":1,"featured_media":0,"parent":0,"menu_order":0,"comment_status":"closed","ping_status":"closed","template":"","meta":{"_acf_changed":false,"inline_featured_image":false,"pgc_sgb_lightbox_settings":"","footnotes":""},"class_list":["post-10090","page","type-page","status-publish","hentry"],"acf":[],"_links":{"self":[{"href":"https:\/\/www.zagreb-montaza.hr\/de\/wp-json\/wp\/v2\/pages\/10090","targetHints":{"allow":["GET"]}}],"collection":[{"href":"https:\/\/www.zagreb-montaza.hr\/de\/wp-json\/wp\/v2\/pages"}],"about":[{"href":"https:\/\/www.zagreb-montaza.hr\/de\/wp-json\/wp\/v2\/types\/page"}],"author":[{"embeddable":true,"href":"https:\/\/www.zagreb-montaza.hr\/de\/wp-json\/wp\/v2\/users\/1"}],"replies":[{"embeddable":true,"href":"https:\/\/www.zagreb-montaza.hr\/de\/wp-json\/wp\/v2\/comments?post=10090"}],"version-history":[{"count":8,"href":"https:\/\/www.zagreb-montaza.hr\/de\/wp-json\/wp\/v2\/pages\/10090\/revisions"}],"predecessor-version":[{"id":12080,"href":"https:\/\/www.zagreb-montaza.hr\/de\/wp-json\/wp\/v2\/pages\/10090\/revisions\/12080"}],"wp:attachment":[{"href":"https:\/\/www.zagreb-montaza.hr\/de\/wp-json\/wp\/v2\/media?parent=10090"}],"curies":[{"name":"wp","href":"https:\/\/api.w.org\/{rel}","templated":true}]}}