{"id":9591,"date":"2023-10-09T14:52:48","date_gmt":"2023-10-09T14:52:48","guid":{"rendered":"https:\/\/www.zagreb-montaza.hr\/soziale-verantwortung\/"},"modified":"2024-04-30T10:07:35","modified_gmt":"2024-04-30T10:07:35","slug":"soziale-verantwortung","status":"publish","type":"page","link":"https:\/\/www.zagreb-montaza.hr\/de\/soziale-verantwortung\/","title":{"rendered":"Soziale Verantwortung"},"content":{"rendered":"\t\t<div data-elementor-type=\"wp-page\" data-elementor-id=\"9591\" class=\"elementor elementor-9591 elementor-20\" data-elementor-post-type=\"page\">\n\t\t\t\t\t\t\t\t\t<section class=\"elementor-section elementor-top-section elementor-element elementor-element-48affd1 elementor-section-full_width elementor-section-height-default elementor-section-height-default\" data-id=\"48affd1\" data-element_type=\"section\" data-settings=\"{&quot;background_background&quot;:&quot;classic&quot;}\">\n\t\t\t\t\t\t<div class=\"elementor-container elementor-column-gap-default\">\n\t\t\t\t\t<div class=\"elementor-column elementor-col-100 elementor-top-column elementor-element elementor-element-23bf1ed\" data-id=\"23bf1ed\" data-element_type=\"column\">\n\t\t\t<div class=\"elementor-widget-wrap elementor-element-populated\">\n\t\t\t\t\t\t\t\t<section class=\"elementor-section elementor-inner-section elementor-element elementor-element-75fe463 elementor-section-boxed elementor-section-height-default elementor-section-height-default\" data-id=\"75fe463\" data-element_type=\"section\" data-settings=\"{&quot;background_background&quot;:&quot;classic&quot;,&quot;background_motion_fx_motion_fx_scrolling&quot;:&quot;yes&quot;,&quot;background_motion_fx_translateY_effect&quot;:&quot;yes&quot;,&quot;background_motion_fx_translateY_speed&quot;:{&quot;unit&quot;:&quot;px&quot;,&quot;size&quot;:6.5,&quot;sizes&quot;:[]},&quot;background_motion_fx_translateY_affectedRange&quot;:{&quot;unit&quot;:&quot;%&quot;,&quot;size&quot;:&quot;&quot;,&quot;sizes&quot;:{&quot;start&quot;:0,&quot;end&quot;:100}},&quot;background_motion_fx_devices&quot;:[&quot;desktop&quot;,&quot;laptop&quot;,&quot;tablet&quot;,&quot;mobile&quot;]}\">\n\t\t\t\t\t\t\t<div class=\"elementor-background-overlay\"><\/div>\n\t\t\t\t\t\t\t<div class=\"elementor-container elementor-column-gap-default\">\n\t\t\t\t\t<div class=\"elementor-column elementor-col-50 elementor-inner-column elementor-element elementor-element-b50d07c\" data-id=\"b50d07c\" data-element_type=\"column\">\n\t\t\t<div class=\"elementor-widget-wrap elementor-element-populated\">\n\t\t\t\t\t\t\t\t<div class=\"elementor-element elementor-element-adf04ed elementor-invisible elementor-widget elementor-widget-heading\" data-id=\"adf04ed\" data-element_type=\"widget\" data-settings=\"{&quot;_animation&quot;:&quot;fadeInUp&quot;}\" data-widget_type=\"heading.default\">\n\t\t\t\t<div class=\"elementor-widget-container\">\n\t\t\t<style>\/*! elementor - v3.16.0 - 09-10-2023 *\/\n.elementor-heading-title{padding:0;margin:0;line-height:1}.elementor-widget-heading .elementor-heading-title[class*=elementor-size-]>a{color:inherit;font-size:inherit;line-height:inherit}.elementor-widget-heading .elementor-heading-title.elementor-size-small{font-size:15px}.elementor-widget-heading .elementor-heading-title.elementor-size-medium{font-size:19px}.elementor-widget-heading .elementor-heading-title.elementor-size-large{font-size:29px}.elementor-widget-heading .elementor-heading-title.elementor-size-xl{font-size:39px}.elementor-widget-heading .elementor-heading-title.elementor-size-xxl{font-size:59px}<\/style><h1 class=\"elementor-heading-title elementor-size-default\">Soziale Verantwortung<\/h1>\t\t<\/div>\n\t\t\t\t<\/div>\n\t\t\t\t<div class=\"elementor-element elementor-element-cc0005a elementor-invisible elementor-widget elementor-widget-heading\" data-id=\"cc0005a\" data-element_type=\"widget\" data-settings=\"{&quot;_animation&quot;:&quot;fadeInUp&quot;,&quot;_animation_delay&quot;:200}\" data-widget_type=\"heading.default\">\n\t\t\t\t<div class=\"elementor-widget-container\">\n\t\t\t<div class=\"elementor-heading-title elementor-size-default\">Die Integration sozialer Verantwortung in unsere Gesch\u00e4ftst\u00e4tigkeit spiegelt unser Engagement f\u00fcr ethisches Verhalten und die Sorge um die Gesellschaft wider<\/div>\t\t<\/div>\n\t\t\t\t<\/div>\n\t\t\t\t\t<\/div>\n\t\t<\/div>\n\t\t\t\t<div class=\"elementor-column elementor-col-50 elementor-inner-column elementor-element elementor-element-6768333\" data-id=\"6768333\" data-element_type=\"column\">\n\t\t\t<div class=\"elementor-widget-wrap\">\n\t\t\t\t\t\t\t\t\t<\/div>\n\t\t<\/div>\n\t\t\t\t\t\t\t<\/div>\n\t\t<\/section>\n\t\t\t\t\t<\/div>\n\t\t<\/div>\n\t\t\t\t\t\t\t<\/div>\n\t\t<\/section>\n\t\t<div class=\"elementor-element elementor-element-80e7d6a e-flex e-con-boxed e-con e-parent\" data-id=\"80e7d6a\" data-element_type=\"container\" data-settings=\"{&quot;content_width&quot;:&quot;boxed&quot;}\" data-core-v316-plus=\"true\">\n\t\t\t\t\t<div class=\"e-con-inner\">\n\t\t<div class=\"elementor-element elementor-element-b0a249f e-con-full e-flex e-con e-child\" data-id=\"b0a249f\" data-element_type=\"container\" data-settings=\"{&quot;content_width&quot;:&quot;full&quot;}\">\n\t\t\t\t<div class=\"elementor-element elementor-element-7ff6ad2 elementor-invisible elementor-widget elementor-widget-heading\" data-id=\"7ff6ad2\" data-element_type=\"widget\" data-settings=\"{&quot;_animation&quot;:&quot;fadeInUp&quot;}\" data-widget_type=\"heading.default\">\n\t\t\t\t<div class=\"elementor-widget-container\">\n\t\t\t<span class=\"elementor-heading-title elementor-size-default\">\"Wir glauben, dass wir Erfolg durch Hingabe nicht nur an wirtschaftliche, <br> sondern auch an soziale und \u00f6kologische\nAspekte unseres Gesch\u00e4fts erreichen.\"<\/span>\t\t<\/div>\n\t\t\t\t<\/div>\n\t\t\t\t<div class=\"elementor-element elementor-element-be9a6cc elementor-widget elementor-widget-text-editor\" data-id=\"be9a6cc\" data-element_type=\"widget\" data-widget_type=\"text-editor.default\">\n\t\t\t\t<div class=\"elementor-widget-container\">\n\t\t\t<style>\/*! elementor - v3.16.0 - 09-10-2023 *\/\n.elementor-widget-text-editor.elementor-drop-cap-view-stacked .elementor-drop-cap{background-color:#69727d;color:#fff}.elementor-widget-text-editor.elementor-drop-cap-view-framed .elementor-drop-cap{color:#69727d;border:3px solid;background-color:transparent}.elementor-widget-text-editor:not(.elementor-drop-cap-view-default) .elementor-drop-cap{margin-top:8px}.elementor-widget-text-editor:not(.elementor-drop-cap-view-default) .elementor-drop-cap-letter{width:1em;height:1em}.elementor-widget-text-editor .elementor-drop-cap{float:left;text-align:center;line-height:1;font-size:50px}.elementor-widget-text-editor .elementor-drop-cap-letter{display:inline-block}<\/style>\t\t\t\tWir haben soziale, ethische und \u00f6kologische Verantwortung in den Kern unseres Unternehmens integriert, wobei wir gleichzeitig auf das Wohlergehen unserer Mitarbeiter\nund Partner als grundlegende Aspekte unserer Gesch\u00e4ftsprozesse und -strategien achten.\t\t\t\t\t\t<\/div>\n\t\t\t\t<\/div>\n\t\t\t\t<div class=\"elementor-element elementor-element-a263aad elementor-widget elementor-widget-text-editor\" data-id=\"a263aad\" data-element_type=\"widget\" data-widget_type=\"text-editor.default\">\n\t\t\t\t<div class=\"elementor-widget-container\">\n\t\t\t\t\t\t\t<h4 style=\"color: #133760;\"><strong>Unternehmensethik<\/strong><\/h4>\nAls Unternehmen, das auf dem inl\u00e4ndischen und ausl\u00e4ndischen Markt t\u00e4tig ist, halten wir gute Information und die Anwendung der gesetzlichen Rahmenbedingungen in den L\u00e4ndern, in denen wir t\u00e4tig sind, f\u00fcr entscheidend zur Reduzierung von Gesch\u00e4ftsrisiken und zur Einhaltung der Rechte von Kunden und Gesch\u00e4ftspartnern. Wir verbessern kontinuierlich die Qualit\u00e4t von Produkten und Dienstleistungen durch die Implementierung von Qualit\u00e4tsmanagementsystemen ISO 9001 und ISO 29001. Jedes Produkt wird gem\u00e4\u00df den festgelegten Spezifikationen oder Verfahren hergestellt und eingebaut, und jede Dienstleistung wird entsprechend den internen, nationalen und internationalen Qualit\u00e4ts-, Umwelt- und Arbeitsschutznormen und -vorschriften erbracht.\n\n\n\n\n\n\n<h4 style=\"color: #133760;\"><strong>Mitarbeiterbetreuung<\/strong><\/h4>\nMotivation und Investition in die Mitarbeiterkenntnisse sind Faktoren, die sich signifikant auf den Gesch\u00e4ftserfolg auswirken. Deshalb bieten wir unseren Mitarbeitern kontinuierlich die M\u00f6glichkeit zur Weiterentwicklung und ermutigen sie, ihre Kompetenzen zu verbessern. Im Gesch\u00e4ftsbetrieb folgen wir den Grunds\u00e4tzen des Schutzes der Menschenrechte unter Achtung der Vielfalt aufgrund von Herkunft, Geschlecht, religi\u00f6ser und ethnischer Zugeh\u00f6rigkeit, sowie des Familienlebens, gerechter Entlohnung und Achtung der Meinungen unserer Mitarbeiter. Bewusst \u00fcber die Bedeutung der pers\u00f6nlichen Zufriedenheit des Einzelnen und gesunder zwischenmenschlicher Beziehungen schaffen wir eine positive und sichere Arbeitsumgebung f\u00fcr unsere Mitarbeiter. \n\n\n\n\n\n\n\n<h4 style=\"color: #133760;\"><strong>Gesundheits- und Umweltschutz<\/strong><\/h4>\nWir besitzen die Zertifikate ISO 45001 und SCCp, mit denen unsere hohen Standards f\u00fcr Gesundheits- und Arbeitssicherheit best\u00e4tigt werden. Wir handeln proaktiv, indem wir interne Ma\u00dfnahmen zur Verbesserung der Mitarbeitergesundheit planen, um die Mitarbeiter f\u00fcr die Gesundheitspr\u00e4vention zu sensibilisieren und die Bedeutung der aktiven Beteiligung jedes Einzelnen an der Umsetzung eines bestimmten Bereichs hervorzuheben. Wir sind uns der Auswirkungen der Industrie auf die Umwelt bewusst und verbessern kontinuierlich die Qualit\u00e4t der Produkt- und Dienstleistungsbereitstellung, indem wir auf das Management unseres \u00f6kologischen Fu\u00dfabdrucks achten, was durch die Implementierung eines Umweltschutzmanagementsystems nach ISO 14001 unterst\u00fctzt wird.\n\n\n\n\n\n\n\t\t\t\t\t\t<\/div>\n\t\t\t\t<\/div>\n\t\t\t\t<\/div>\n\t\t\t\t\t<\/div>\n\t\t\t\t<\/div>\n\t\t\t\t\t\t\t<\/div>\n\t\t","protected":false},"excerpt":{"rendered":"<p>Soziale Verantwortung Die Integration sozialer Verantwortung in unsere Gesch\u00e4ftst\u00e4tigkeit spiegelt unser Engagement f\u00fcr ethisches Verhalten und die Sorge um die Gesellschaft wider &#8222;Wir glauben, dass wir Erfolg durch Hingabe nicht nur an wirtschaftliche, sondern auch an soziale und \u00f6kologische Aspekte unseres Gesch\u00e4fts erreichen.&#8220; Wir haben soziale, ethische und \u00f6kologische Verantwortung in den Kern unseres Unternehmens [&hellip;]<\/p>\n","protected":false},"author":1,"featured_media":0,"parent":0,"menu_order":0,"comment_status":"closed","ping_status":"closed","template":"","meta":{"_acf_changed":false,"inline_featured_image":false,"pgc_sgb_lightbox_settings":"","footnotes":""},"class_list":["post-9591","page","type-page","status-publish","hentry"],"acf":[],"_links":{"self":[{"href":"https:\/\/www.zagreb-montaza.hr\/de\/wp-json\/wp\/v2\/pages\/9591","targetHints":{"allow":["GET"]}}],"collection":[{"href":"https:\/\/www.zagreb-montaza.hr\/de\/wp-json\/wp\/v2\/pages"}],"about":[{"href":"https:\/\/www.zagreb-montaza.hr\/de\/wp-json\/wp\/v2\/types\/page"}],"author":[{"embeddable":true,"href":"https:\/\/www.zagreb-montaza.hr\/de\/wp-json\/wp\/v2\/users\/1"}],"replies":[{"embeddable":true,"href":"https:\/\/www.zagreb-montaza.hr\/de\/wp-json\/wp\/v2\/comments?post=9591"}],"version-history":[{"count":3,"href":"https:\/\/www.zagreb-montaza.hr\/de\/wp-json\/wp\/v2\/pages\/9591\/revisions"}],"predecessor-version":[{"id":10581,"href":"https:\/\/www.zagreb-montaza.hr\/de\/wp-json\/wp\/v2\/pages\/9591\/revisions\/10581"}],"wp:attachment":[{"href":"https:\/\/www.zagreb-montaza.hr\/de\/wp-json\/wp\/v2\/media?parent=9591"}],"curies":[{"name":"wp","href":"https:\/\/api.w.org\/{rel}","templated":true}]}}